{"id":1575,"date":"2021-03-30T14:45:58","date_gmt":"2021-03-30T12:45:58","guid":{"rendered":"https:\/\/www.lindencompany.com\/contacts\/"},"modified":"2023-02-11T07:59:42","modified_gmt":"2023-02-11T06:59:42","slug":"contacts","status":"publish","type":"page","link":"https:\/\/www.lindencompany.com\/en\/contacts\/","title":{"rendered":"Contacts"},"content":{"rendered":"\t\t<div data-elementor-type=\"wp-page\" data-elementor-id=\"1575\" class=\"elementor elementor-1575 elementor-229\" data-elementor-post-type=\"page\">\n\t\t\t\t\t\t<section class=\"elementor-section elementor-top-section elementor-element elementor-element-b8f451f elementor-section-height-min-height elementor-section-boxed elementor-section-height-default elementor-section-items-middle\" data-id=\"b8f451f\" data-element_type=\"section\" data-e-type=\"section\" data-settings=\"{&quot;background_background&quot;:&quot;classic&quot;}\">\n\t\t\t\t\t\t<div class=\"elementor-container elementor-column-gap-default\">\n\t\t\t\t\t<div class=\"elementor-column elementor-col-100 elementor-top-column elementor-element elementor-element-3df171a\" data-id=\"3df171a\" data-element_type=\"column\" data-e-type=\"column\">\n\t\t\t<div class=\"elementor-widget-wrap\">\n\t\t\t\t\t\t\t<\/div>\n\t\t<\/div>\n\t\t\t\t\t<\/div>\n\t\t<\/section>\n\t\t\t\t<section class=\"elementor-section elementor-top-section elementor-element elementor-element-68ea006 elementor-section-boxed elementor-section-height-default elementor-section-height-default\" data-id=\"68ea006\" data-element_type=\"section\" data-e-type=\"section\" data-settings=\"{&quot;background_background&quot;:&quot;classic&quot;}\">\n\t\t\t\t\t\t<div class=\"elementor-container elementor-column-gap-default\">\n\t\t\t\t\t<div class=\"elementor-column elementor-col-100 elementor-top-column elementor-element elementor-element-cda6b5e\" data-id=\"cda6b5e\" data-element_type=\"column\" data-e-type=\"column\">\n\t\t\t<div class=\"elementor-widget-wrap elementor-element-populated\">\n\t\t\t\t\t\t<section class=\"elementor-section elementor-inner-section elementor-element elementor-element-a21dda7 elementor-section-boxed elementor-section-height-default elementor-section-height-default\" data-id=\"a21dda7\" data-element_type=\"section\" data-e-type=\"section\">\n\t\t\t\t\t\t<div class=\"elementor-container elementor-column-gap-default\">\n\t\t\t\t\t<div class=\"elementor-column elementor-col-50 elementor-inner-column elementor-element elementor-element-d55e973\" data-id=\"d55e973\" data-element_type=\"column\" data-e-type=\"column\">\n\t\t\t<div class=\"elementor-widget-wrap elementor-element-populated\">\n\t\t\t\t\t\t<div class=\"elementor-element elementor-element-105aa5f elementor-widget elementor-widget-heading\" data-id=\"105aa5f\" data-element_type=\"widget\" data-e-type=\"widget\" data-widget_type=\"heading.default\">\n\t\t\t\t<div class=\"elementor-widget-container\">\n\t\t\t\t\t<h2 class=\"elementor-heading-title elementor-size-default\">Linden &amp; Company KG<\/h2>\t\t\t\t<\/div>\n\t\t\t\t<\/div>\n\t\t\t\t<div class=\"elementor-element elementor-element-7ff3409 elementor-widget elementor-widget-text-editor\" data-id=\"7ff3409\" data-element_type=\"widget\" data-e-type=\"widget\" data-widget_type=\"text-editor.default\">\n\t\t\t\t<div class=\"elementor-widget-container\">\n\t\t\t\t\t\t\t\t\t<p>Executive and Strategic Consulting Group<\/p>\n\t\t\t\t\t\t\t\t<\/div>\n\t\t\t\t<\/div>\n\t\t\t\t<div class=\"elementor-element elementor-element-363a779 elementor-widget elementor-widget-spacer\" data-id=\"363a779\" data-element_type=\"widget\" data-e-type=\"widget\" data-widget_type=\"spacer.default\">\n\t\t\t\t<div class=\"elementor-widget-container\">\n\t\t\t\t\t\t\t<div class=\"elementor-spacer\">\n\t\t\t<div class=\"elementor-spacer-inner\"><\/div>\n\t\t<\/div>\n\t\t\t\t\t\t<\/div>\n\t\t\t\t<\/div>\n\t\t\t\t\t<\/div>\n\t\t<\/div>\n\t\t\t\t<div class=\"elementor-column elementor-col-50 elementor-inner-column elementor-element elementor-element-7568d73\" data-id=\"7568d73\" data-element_type=\"column\" data-e-type=\"column\">\n\t\t\t<div class=\"elementor-widget-wrap elementor-element-populated\">\n\t\t\t\t\t\t<div class=\"elementor-element elementor-element-9bfee2c elementor-widget elementor-widget-text-editor\" data-id=\"9bfee2c\" data-element_type=\"widget\" data-e-type=\"widget\" data-widget_type=\"text-editor.default\">\n\t\t\t\t<div class=\"elementor-widget-container\">\n\t\t\t\t\t\t\t\t\t<p><b>Central Office and Postal Address<\/b><br \/>\nGr\u00fcnlingweg 8<br \/>\n70599 Stuttgart<br \/>\nGermany<\/p>\n\t\t\t\t\t\t\t\t<\/div>\n\t\t\t\t<\/div>\n\t\t\t\t\t<\/div>\n\t\t<\/div>\n\t\t\t\t\t<\/div>\n\t\t<\/section>\n\t\t\t\t<div class=\"elementor-element elementor-element-fbbb216 elementor-widget elementor-widget-spacer\" data-id=\"fbbb216\" data-element_type=\"widget\" data-e-type=\"widget\" data-widget_type=\"spacer.default\">\n\t\t\t\t<div class=\"elementor-widget-container\">\n\t\t\t\t\t\t\t<div class=\"elementor-spacer\">\n\t\t\t<div class=\"elementor-spacer-inner\"><\/div>\n\t\t<\/div>\n\t\t\t\t\t\t<\/div>\n\t\t\t\t<\/div>\n\t\t\t\t<section class=\"elementor-section elementor-inner-section elementor-element elementor-element-b88e523 elementor-section-boxed elementor-section-height-default elementor-section-height-default\" data-id=\"b88e523\" data-element_type=\"section\" data-e-type=\"section\">\n\t\t\t\t\t\t<div class=\"elementor-container elementor-column-gap-default\">\n\t\t\t\t\t<div class=\"elementor-column elementor-col-50 elementor-inner-column elementor-element elementor-element-eac1a8b\" data-id=\"eac1a8b\" data-element_type=\"column\" data-e-type=\"column\">\n\t\t\t<div class=\"elementor-widget-wrap elementor-element-populated\">\n\t\t\t\t\t\t<div class=\"elementor-element elementor-element-16e15c7 elementor-hidden-phone elementor-widget elementor-widget-text-editor\" data-id=\"16e15c7\" data-element_type=\"widget\" data-e-type=\"widget\" data-widget_type=\"text-editor.default\">\n\t\t\t\t<div class=\"elementor-widget-container\">\n\t\t\t\t\t\t\t\t\t<br><br><br><a href=\"#contact-details\" target=\"_blank\" rel=\"noopener\">&gt; Contact Details<\/a>\t\t\t\t\t\t\t\t<\/div>\n\t\t\t\t<\/div>\n\t\t\t\t\t<\/div>\n\t\t<\/div>\n\t\t\t\t<div class=\"elementor-column elementor-col-50 elementor-inner-column elementor-element elementor-element-51b7b88\" data-id=\"51b7b88\" data-element_type=\"column\" data-e-type=\"column\">\n\t\t\t<div class=\"elementor-widget-wrap elementor-element-populated\">\n\t\t\t\t\t\t<div class=\"elementor-element elementor-element-65e6b8a elementor-widget elementor-widget-text-editor\" data-id=\"65e6b8a\" data-element_type=\"widget\" data-e-type=\"widget\" data-widget_type=\"text-editor.default\">\n\t\t\t\t<div class=\"elementor-widget-container\">\n\t\t\t\t\t\t\t\t\t<p><b>Downtown Office<\/b><br \/>\nK\u00f6nigstra\u00dfe 27<br \/>\nStuttgart<br \/>\nGermany<\/p>\n\t\t\t\t\t\t\t\t<\/div>\n\t\t\t\t<\/div>\n\t\t\t\t\t<\/div>\n\t\t<\/div>\n\t\t\t\t\t<\/div>\n\t\t<\/section>\n\t\t\t\t<div class=\"elementor-element elementor-element-314bd70 elementor-widget elementor-widget-spacer\" data-id=\"314bd70\" data-element_type=\"widget\" data-e-type=\"widget\" data-widget_type=\"spacer.default\">\n\t\t\t\t<div class=\"elementor-widget-container\">\n\t\t\t\t\t\t\t<div class=\"elementor-spacer\">\n\t\t\t<div class=\"elementor-spacer-inner\"><\/div>\n\t\t<\/div>\n\t\t\t\t\t\t<\/div>\n\t\t\t\t<\/div>\n\t\t\t\t\t<\/div>\n\t\t<\/div>\n\t\t\t\t\t<\/div>\n\t\t<\/section>\n\t\t\t\t<section class=\"elementor-section elementor-top-section elementor-element elementor-element-781f9d3 elementor-section-boxed elementor-section-height-default elementor-section-height-default\" data-id=\"781f9d3\" data-element_type=\"section\" data-e-type=\"section\" data-settings=\"{&quot;background_background&quot;:&quot;classic&quot;}\">\n\t\t\t\t\t\t<div class=\"elementor-container elementor-column-gap-default\">\n\t\t\t\t\t<div class=\"elementor-column elementor-col-100 elementor-top-column elementor-element elementor-element-15545f3\" data-id=\"15545f3\" data-element_type=\"column\" data-e-type=\"column\">\n\t\t\t<div class=\"elementor-widget-wrap elementor-element-populated\">\n\t\t\t\t\t\t<div class=\"elementor-element elementor-element-41be3a0 elementor-widget elementor-widget-menu-anchor\" data-id=\"41be3a0\" data-element_type=\"widget\" data-e-type=\"widget\" data-widget_type=\"menu-anchor.default\">\n\t\t\t\t<div class=\"elementor-widget-container\">\n\t\t\t\t\t\t\t<div class=\"elementor-menu-anchor\" id=\"contact-details\"><\/div>\n\t\t\t\t\t\t<\/div>\n\t\t\t\t<\/div>\n\t\t\t\t\t<\/div>\n\t\t<\/div>\n\t\t\t\t\t<\/div>\n\t\t<\/section>\n\t\t\t\t<section class=\"elementor-section elementor-top-section elementor-element elementor-element-3550d21 elementor-section-boxed elementor-section-height-default elementor-section-height-default\" data-id=\"3550d21\" data-element_type=\"section\" data-e-type=\"section\" data-settings=\"{&quot;background_background&quot;:&quot;classic&quot;}\">\n\t\t\t\t\t\t<div class=\"elementor-container elementor-column-gap-default\">\n\t\t\t\t\t<div class=\"elementor-column elementor-col-100 elementor-top-column elementor-element elementor-element-c45e9dc\" data-id=\"c45e9dc\" data-element_type=\"column\" data-e-type=\"column\">\n\t\t\t<div class=\"elementor-widget-wrap elementor-element-populated\">\n\t\t\t\t\t\t<div class=\"elementor-element elementor-element-8c50456 elementor-widget elementor-widget-heading\" data-id=\"8c50456\" data-element_type=\"widget\" data-e-type=\"widget\" data-widget_type=\"heading.default\">\n\t\t\t\t<div class=\"elementor-widget-container\">\n\t\t\t\t\t<h2 class=\"elementor-heading-title elementor-size-default\">Contact Details<\/h2>\t\t\t\t<\/div>\n\t\t\t\t<\/div>\n\t\t\t\t<div class=\"elementor-element elementor-element-d14b7b5 elementor-widget-divider--view-line elementor-widget elementor-widget-divider\" data-id=\"d14b7b5\" data-element_type=\"widget\" data-e-type=\"widget\" data-widget_type=\"divider.default\">\n\t\t\t\t<div class=\"elementor-widget-container\">\n\t\t\t\t\t\t\t<div class=\"elementor-divider\">\n\t\t\t<span class=\"elementor-divider-separator\">\n\t\t\t\t\t\t<\/span>\n\t\t<\/div>\n\t\t\t\t\t\t<\/div>\n\t\t\t\t<\/div>\n\t\t\t\t<section class=\"elementor-section elementor-inner-section elementor-element elementor-element-0c69755 elementor-section-boxed elementor-section-height-default elementor-section-height-default\" data-id=\"0c69755\" data-element_type=\"section\" data-e-type=\"section\">\n\t\t\t\t\t\t<div class=\"elementor-container elementor-column-gap-default\">\n\t\t\t\t\t<div class=\"elementor-column elementor-col-50 elementor-inner-column elementor-element elementor-element-b4ef282\" data-id=\"b4ef282\" data-element_type=\"column\" data-e-type=\"column\">\n\t\t\t<div class=\"elementor-widget-wrap elementor-element-populated\">\n\t\t\t\t\t\t<div class=\"elementor-element elementor-element-4ede9c1 elementor-widget elementor-widget-text-editor\" data-id=\"4ede9c1\" data-element_type=\"widget\" data-e-type=\"widget\" data-widget_type=\"text-editor.default\">\n\t\t\t\t<div class=\"elementor-widget-container\">\n\t\t\t\t\t\t\t\t\t<p><b>Frank A. Linden<\/b><br \/>Stuttgart<br \/><a href=\"mailto:fal@easc-group.com\" target=\"_blank\" rel=\"noopener\">fal@easc-group.com<\/a><br \/>+49 711 45 977 900<\/p>\n\t\t\t\t\t\t\t\t<\/div>\n\t\t\t\t<\/div>\n\t\t\t\t<div class=\"elementor-element elementor-element-a6b54ef elementor-widget elementor-widget-spacer\" data-id=\"a6b54ef\" data-element_type=\"widget\" data-e-type=\"widget\" data-widget_type=\"spacer.default\">\n\t\t\t\t<div class=\"elementor-widget-container\">\n\t\t\t\t\t\t\t<div class=\"elementor-spacer\">\n\t\t\t<div class=\"elementor-spacer-inner\"><\/div>\n\t\t<\/div>\n\t\t\t\t\t\t<\/div>\n\t\t\t\t<\/div>\n\t\t\t\t\t<\/div>\n\t\t<\/div>\n\t\t\t\t<div class=\"elementor-column elementor-col-50 elementor-inner-column elementor-element elementor-element-683c4e5\" data-id=\"683c4e5\" data-element_type=\"column\" data-e-type=\"column\">\n\t\t\t<div class=\"elementor-widget-wrap elementor-element-populated\">\n\t\t\t\t\t\t<div class=\"elementor-element elementor-element-3ea1569 elementor-widget elementor-widget-text-editor\" data-id=\"3ea1569\" data-element_type=\"widget\" data-e-type=\"widget\" data-widget_type=\"text-editor.default\">\n\t\t\t\t<div class=\"elementor-widget-container\">\n\t\t\t\t\t\t\t\t\t<p><b>Clemens Schmitz-Justen<\/b><br \/>Munich and Los Angeles (CA)<br \/><a href=\"mailto:csj@easc-group.com\" target=\"_blank\" rel=\"noopener\">csj@easc-group.com<\/a><br \/>+49 172 8913 440<br \/>+1 864 905 7550<\/p>\n\t\t\t\t\t\t\t\t<\/div>\n\t\t\t\t<\/div>\n\t\t\t\t\t<\/div>\n\t\t<\/div>\n\t\t\t\t\t<\/div>\n\t\t<\/section>\n\t\t\t\t<div class=\"elementor-element elementor-element-27c7018 elementor-widget elementor-widget-spacer\" data-id=\"27c7018\" data-element_type=\"widget\" data-e-type=\"widget\" data-widget_type=\"spacer.default\">\n\t\t\t\t<div class=\"elementor-widget-container\">\n\t\t\t\t\t\t\t<div class=\"elementor-spacer\">\n\t\t\t<div class=\"elementor-spacer-inner\"><\/div>\n\t\t<\/div>\n\t\t\t\t\t\t<\/div>\n\t\t\t\t<\/div>\n\t\t\t\t<section class=\"elementor-section elementor-inner-section elementor-element elementor-element-e6ee01b elementor-section-boxed elementor-section-height-default elementor-section-height-default\" data-id=\"e6ee01b\" data-element_type=\"section\" data-e-type=\"section\">\n\t\t\t\t\t\t<div class=\"elementor-container elementor-column-gap-default\">\n\t\t\t\t\t<div class=\"elementor-column elementor-col-50 elementor-inner-column elementor-element elementor-element-0a3419b\" data-id=\"0a3419b\" data-element_type=\"column\" data-e-type=\"column\">\n\t\t\t<div class=\"elementor-widget-wrap elementor-element-populated\">\n\t\t\t\t\t\t<div class=\"elementor-element elementor-element-40fa1df elementor-widget elementor-widget-text-editor\" data-id=\"40fa1df\" data-element_type=\"widget\" data-e-type=\"widget\" data-widget_type=\"text-editor.default\">\n\t\t\t\t<div class=\"elementor-widget-container\">\n\t\t\t\t\t\t\t\t\t<p><b>Ann-Christin Behrens<\/b><br \/>\nStuttgart and Bad Sch\u00f6nborn<br \/>\n<a href=\"mailto:acb@easc-group.com\" target=\"_blank\" rel=\"noopener\">acb@easc-group.com<\/a><br \/>\n+49 711 45 977 900<br \/>\n+49 7253 9359 83<\/p>\n\t\t\t\t\t\t\t\t<\/div>\n\t\t\t\t<\/div>\n\t\t\t\t<div class=\"elementor-element elementor-element-d765898 elementor-hidden-desktop elementor-hidden-tablet elementor-widget elementor-widget-spacer\" data-id=\"d765898\" data-element_type=\"widget\" data-e-type=\"widget\" data-widget_type=\"spacer.default\">\n\t\t\t\t<div class=\"elementor-widget-container\">\n\t\t\t\t\t\t\t<div class=\"elementor-spacer\">\n\t\t\t<div class=\"elementor-spacer-inner\"><\/div>\n\t\t<\/div>\n\t\t\t\t\t\t<\/div>\n\t\t\t\t<\/div>\n\t\t\t\t\t<\/div>\n\t\t<\/div>\n\t\t\t\t<div class=\"elementor-column elementor-col-50 elementor-inner-column elementor-element elementor-element-8d0545f\" data-id=\"8d0545f\" data-element_type=\"column\" data-e-type=\"column\">\n\t\t\t<div class=\"elementor-widget-wrap elementor-element-populated\">\n\t\t\t\t\t\t<div class=\"elementor-element elementor-element-b456728 elementor-widget elementor-widget-text-editor\" data-id=\"b456728\" data-element_type=\"widget\" data-e-type=\"widget\" data-widget_type=\"text-editor.default\">\n\t\t\t\t<div class=\"elementor-widget-container\">\n\t\t\t\t\t\t\t\t\t<p><b>Christina R. Stroud<\/b><br \/>Greer (SC)<br \/><a href=\"mailto:crs@easc-group.com\" target=\"_blank\" rel=\"noopener\">crs@easc-group.com<\/a><br \/>+1 864 334 6979<\/p>\n\t\t\t\t\t\t\t\t<\/div>\n\t\t\t\t<\/div>\n\t\t\t\t\t<\/div>\n\t\t<\/div>\n\t\t\t\t\t<\/div>\n\t\t<\/section>\n\t\t\t\t<div class=\"elementor-element elementor-element-2ffd6ae elementor-widget elementor-widget-spacer\" data-id=\"2ffd6ae\" data-element_type=\"widget\" data-e-type=\"widget\" data-widget_type=\"spacer.default\">\n\t\t\t\t<div class=\"elementor-widget-container\">\n\t\t\t\t\t\t\t<div class=\"elementor-spacer\">\n\t\t\t<div class=\"elementor-spacer-inner\"><\/div>\n\t\t<\/div>\n\t\t\t\t\t\t<\/div>\n\t\t\t\t<\/div>\n\t\t\t\t<section class=\"elementor-section elementor-inner-section elementor-element elementor-element-5b5b2ba elementor-section-boxed elementor-section-height-default elementor-section-height-default\" data-id=\"5b5b2ba\" data-element_type=\"section\" data-e-type=\"section\">\n\t\t\t\t\t\t<div class=\"elementor-container elementor-column-gap-default\">\n\t\t\t\t\t<div class=\"elementor-column elementor-col-50 elementor-inner-column elementor-element elementor-element-c263063\" data-id=\"c263063\" data-element_type=\"column\" data-e-type=\"column\">\n\t\t\t<div class=\"elementor-widget-wrap elementor-element-populated\">\n\t\t\t\t\t\t<div class=\"elementor-element elementor-element-bc375c3 elementor-widget elementor-widget-text-editor\" data-id=\"bc375c3\" data-element_type=\"widget\" data-e-type=\"widget\" data-widget_type=\"text-editor.default\">\n\t\t\t\t<div class=\"elementor-widget-container\">\n\t\t\t\t\t\t\t\t\t<p><b>Pam Capasso<\/b><br \/>Fort Myers (FL)<br \/><a href=\"mailto:pac@easc-group.com\" target=\"_blank\" rel=\"noopener\">pac@easc-group.com<\/a><br \/>+1 239 596 7640<br \/>+1 207 467 0665<\/p>\n\t\t\t\t\t\t\t\t<\/div>\n\t\t\t\t<\/div>\n\t\t\t\t<div class=\"elementor-element elementor-element-e5d7532 elementor-hidden-desktop elementor-hidden-tablet elementor-widget elementor-widget-spacer\" data-id=\"e5d7532\" data-element_type=\"widget\" data-e-type=\"widget\" data-widget_type=\"spacer.default\">\n\t\t\t\t<div class=\"elementor-widget-container\">\n\t\t\t\t\t\t\t<div class=\"elementor-spacer\">\n\t\t\t<div class=\"elementor-spacer-inner\"><\/div>\n\t\t<\/div>\n\t\t\t\t\t\t<\/div>\n\t\t\t\t<\/div>\n\t\t\t\t\t<\/div>\n\t\t<\/div>\n\t\t\t\t<div class=\"elementor-column elementor-col-50 elementor-inner-column elementor-element elementor-element-51d8f58\" data-id=\"51d8f58\" data-element_type=\"column\" data-e-type=\"column\">\n\t\t\t<div class=\"elementor-widget-wrap elementor-element-populated\">\n\t\t\t\t\t\t<div class=\"elementor-element elementor-element-d43bd66 elementor-widget elementor-widget-text-editor\" data-id=\"d43bd66\" data-element_type=\"widget\" data-e-type=\"widget\" data-widget_type=\"text-editor.default\">\n\t\t\t\t<div class=\"elementor-widget-container\">\n\t\t\t\t\t\t\t\t\t<p><b>David Mankarious<\/b><br \/>Data Protection Officer (GDPR)<a href=\"mailto:david@lindencompany.com\" target=\"_blank\" rel=\"noopener\"><br \/>david@lindencompany.com<\/a><\/p>\n\t\t\t\t\t\t\t\t<\/div>\n\t\t\t\t<\/div>\n\t\t\t\t\t<\/div>\n\t\t<\/div>\n\t\t\t\t\t<\/div>\n\t\t<\/section>\n\t\t\t\t\t<\/div>\n\t\t<\/div>\n\t\t\t\t\t<\/div>\n\t\t<\/section>\n\t\t\t\t<section class=\"elementor-section elementor-top-section elementor-element elementor-element-ffb972d elementor-section-boxed elementor-section-height-default elementor-section-height-default\" data-id=\"ffb972d\" data-element_type=\"section\" data-e-type=\"section\" data-settings=\"{&quot;background_background&quot;:&quot;classic&quot;}\">\n\t\t\t\t\t\t<div class=\"elementor-container elementor-column-gap-default\">\n\t\t\t\t\t<div class=\"elementor-column elementor-col-100 elementor-top-column elementor-element elementor-element-de73415\" data-id=\"de73415\" data-element_type=\"column\" data-e-type=\"column\">\n\t\t\t<div class=\"elementor-widget-wrap elementor-element-populated\">\n\t\t\t\t\t\t<div class=\"elementor-element elementor-element-290e325 elementor-widget elementor-widget-heading\" data-id=\"290e325\" data-element_type=\"widget\" data-e-type=\"widget\" data-widget_type=\"heading.default\">\n\t\t\t\t<div class=\"elementor-widget-container\">\n\t\t\t\t\t<h2 class=\"elementor-heading-title elementor-size-default\">E-Mail Encryption<\/h2>\t\t\t\t<\/div>\n\t\t\t\t<\/div>\n\t\t\t\t<div class=\"elementor-element elementor-element-3264114 elementor-widget-divider--view-line elementor-widget elementor-widget-divider\" data-id=\"3264114\" data-element_type=\"widget\" data-e-type=\"widget\" data-widget_type=\"divider.default\">\n\t\t\t\t<div class=\"elementor-widget-container\">\n\t\t\t\t\t\t\t<div class=\"elementor-divider\">\n\t\t\t<span class=\"elementor-divider-separator\">\n\t\t\t\t\t\t<\/span>\n\t\t<\/div>\n\t\t\t\t\t\t<\/div>\n\t\t\t\t<\/div>\n\t\t\t\t<div class=\"elementor-element elementor-element-5b04c87 elementor-widget elementor-widget-text-editor\" data-id=\"5b04c87\" data-element_type=\"widget\" data-e-type=\"widget\" data-widget_type=\"text-editor.default\">\n\t\t\t\t<div class=\"elementor-widget-container\">\n\t\t\t\t\t\t\t\t\t<p>If you prefer to use S\/MIME encrypted e-mail traffic, you find the S\/MIME certificate for <a href=\"mailto:fal@easc-group.com\" target=\"_blank\" rel=\"noopener\">fal@easc-group.com<\/a> below:<\/p>\n\t\t\t\t\t\t\t\t<\/div>\n\t\t\t\t<\/div>\n\t\t\t\t<div class=\"elementor-element elementor-element-c280b82 elementor-widget elementor-widget-spacer\" data-id=\"c280b82\" data-element_type=\"widget\" data-e-type=\"widget\" data-widget_type=\"spacer.default\">\n\t\t\t\t<div class=\"elementor-widget-container\">\n\t\t\t\t\t\t\t<div class=\"elementor-spacer\">\n\t\t\t<div class=\"elementor-spacer-inner\"><\/div>\n\t\t<\/div>\n\t\t\t\t\t\t<\/div>\n\t\t\t\t<\/div>\n\t\t\t\t<div class=\"elementor-element elementor-element-d2804ce elementor-widget elementor-widget-toggle\" data-id=\"d2804ce\" data-element_type=\"widget\" data-e-type=\"widget\" data-widget_type=\"toggle.default\">\n\t\t\t\t<div class=\"elementor-widget-container\">\n\t\t\t\t\t\t\t<div class=\"elementor-toggle\">\n\t\t\t\t\t\t\t<div class=\"elementor-toggle-item\">\n\t\t\t\t\t<div id=\"elementor-tab-title-2201\" class=\"elementor-tab-title\" data-tab=\"1\" role=\"button\" aria-controls=\"elementor-tab-content-2201\" aria-expanded=\"false\">\n\t\t\t\t\t\t\t\t\t\t\t\t<span class=\"elementor-toggle-icon elementor-toggle-icon-left\" aria-hidden=\"true\">\n\t\t\t\t\t\t\t\t\t\t\t\t\t\t\t<span class=\"elementor-toggle-icon-closed\"><i class=\"fas fa-caret-right\"><\/i><\/span>\n\t\t\t\t\t\t\t\t<span class=\"elementor-toggle-icon-opened\"><i class=\"elementor-toggle-icon-opened fas fa-caret-up\"><\/i><\/span>\n\t\t\t\t\t\t\t\t\t\t\t\t\t<\/span>\n\t\t\t\t\t\t\t\t\t\t\t\t<a class=\"elementor-toggle-title\" tabindex=\"0\">View certificate<\/a>\n\t\t\t\t\t<\/div>\n\n\t\t\t\t\t<div id=\"elementor-tab-content-2201\" class=\"elementor-tab-content elementor-clearfix\" data-tab=\"1\" role=\"region\" aria-labelledby=\"elementor-tab-title-2201\"><p>&#8212;&#8211;BEGIN CERTIFICATE&#8212;&#8211;<br \/>\nMIIE\/zCCA+egAwIBAgIMNHbnxShxst302YTdMA0GCSqGSIb3DQEBCwUAMFsxCzAJ<br \/>\nBgNVBAYTAkJFMRkwFwYDVQQKExBHbG9iYWxTaWduIG52LXNhMTEwLwYDVQQDEyhH<br \/>\nbG9iYWxTaWduIEdDQyBSMyBQZXJzb25hbFNpZ24gMSBDQSAyMDIwMB4XDTIxMDQy<br \/>\nMDEyMzAwNFoXDTI0MDYxNDA5NDI1N1owQDEbMBkGA1UEAwwSZmFsQGVhc2MtZ3Jv<br \/>\ndXAuY29tMSEwHwYJKoZIhvcNAQkBFhJmYWxAZWFzYy1ncm91cC5jb20wggEiMA0G<br \/>\nCSqGSIb3DQEBAQUAA4IBDwAwggEKAoIBAQC3zb\/pZJYYFoVjdUpDNXMkkyft3geQ<br \/>\nTJfwDBVyYHPaSHpW2gkWkhC2Nq+lnJjoKpGvYRGcS6k0wQk5hQ3CGvI5Tq+HMiNr<br \/>\nLy7Qc+76skiGSVd2DH6jF1+cDUS8sbvly+U3cdQzXYgKMso3Ii4sHQbT4ogp3+ct<br \/>\nvN1+XiCmalhez1+CD2GWFLp0\/l+9aWVkucSalLPtuWHn\/oUdM8u8GBJ\/\/L8iB7iB<br \/>\nxQxZPR34T3x69wtCvdTQue3bwvsiHwG0bzWovm4SV4gBuuZB7AcBvN2fRopdnngR<br \/>\nkVFPFtV\/+w4ZDFjw97UdQSCusNj27v0J+IjehDtmLc9keoLPyO6ZqxslAgMBAAGj<br \/>\nggHcMIIB2DAOBgNVHQ8BAf8EBAMCBaAwgaMGCCsGAQUFBwEBBIGWMIGTME4GCCsG<br \/>\nAQUFBzAChkJodHRwOi8vc2VjdXJlLmdsb2JhbHNpZ24uY29tL2NhY2VydC9nc2dj<br \/>\nY3IzcGVyc29uYWxzaWduMWNhMjAyMC5jcnQwQQYIKwYBBQUHMAGGNWh0dHA6Ly9v<br \/>\nY3NwLmdsb2JhbHNpZ24uY29tL2dzZ2NjcjNwZXJzb25hbHNpZ24xY2EyMDIwMEwG<br \/>\nA1UdIARFMEMwQQYJKwYBBAGgMgEoMDQwMgYIKwYBBQUHAgEWJmh0dHBzOi8vd3d3<br \/>\nLmdsb2JhbHNpZ24uY29tL3JlcG9zaXRvcnkvMAkGA1UdEwQCMAAwSQYDVR0fBEIw<br \/>\nQDA+oDygOoY4aHR0cDovL2NybC5nbG9iYWxzaWduLmNvbS9nc2djY3IzcGVyc29u<br \/>\nYWxzaWduMWNhMjAyMC5jcmwwHQYDVR0RBBYwFIESZmFsQGVhc2MtZ3JvdXAuY29t<br \/>\nMB0GA1UdJQQWMBQGCCsGAQUFBwMCBggrBgEFBQcDBDAfBgNVHSMEGDAWgBSFu\/DM<br \/>\nxDa1CmJ2o5kuj7s6aq3FUTAdBgNVHQ4EFgQU4nVyRX0DmakUg12dVHLciWotY7Ew<br \/>\nDQYJKoZIhvcNAQELBQADggEBAA5Jhsx0B4hNocToPCfk7yuSl9bFVLwJvXdTr4dS<br \/>\nfuKT\/Tm3qBfUCbn9V58S3WDL4dqsQB5\/P3OXXmhpLmUW+0Y1NHF1D5oKjSeX2Tu1<br \/>\n8sqe3+QHehijAWtR6eqNbndM6OfBkQ\/VbBo9\/G7x61rAZ65dMs7HmTKth5fUkBge<br \/>\n+cwd0dO5FpSop2y79UXPeLvboy2t9x8chDW1tTXXm+09KWgMGruOtkVK3z\/LW08p<br \/>\nxCB6K6VIeA5ypKofvFGgZ36OAGIYLkwubDUWFJdlpbpNPr2i\/0RKBKVkWqXK8OR3<br \/>\nXUhaC361\/AXpZ2neh92Rc8xS5LIkkqNfTj1sHQGMtU23dUE=<br \/>\n&#8212;&#8211;END CERTIFICATE&#8212;&#8211;<\/p>\n<\/div>\n\t\t\t\t<\/div>\n\t\t\t\t\t\t\t\t<\/div>\n\t\t\t\t\t\t<\/div>\n\t\t\t\t<\/div>\n\t\t\t\t<div class=\"elementor-element elementor-element-1c10cd6 elementor-widget elementor-widget-spacer\" data-id=\"1c10cd6\" data-element_type=\"widget\" data-e-type=\"widget\" data-widget_type=\"spacer.default\">\n\t\t\t\t<div class=\"elementor-widget-container\">\n\t\t\t\t\t\t\t<div class=\"elementor-spacer\">\n\t\t\t<div class=\"elementor-spacer-inner\"><\/div>\n\t\t<\/div>\n\t\t\t\t\t\t<\/div>\n\t\t\t\t<\/div>\n\t\t\t\t<div class=\"elementor-element elementor-element-bf68440 elementor-widget elementor-widget-text-editor\" data-id=\"bf68440\" data-element_type=\"widget\" data-e-type=\"widget\" data-widget_type=\"text-editor.default\">\n\t\t\t\t<div class=\"elementor-widget-container\">\n\t\t\t\t\t\t\t\t\t<p>You find information on how to use S\/MIME encryption here:<br \/>\n<a href=\"https:\/\/docs.microsoft.com\/de-de\/microsoft-365\/compliance\/email-encryption\" target=\"_blank\" rel=\"noopener\">https:\/\/docs.microsoft.com\/de-de\/microsoft-365\/compliance\/email-encryption<\/a><\/p>\n\t\t\t\t\t\t\t\t<\/div>\n\t\t\t\t<\/div>\n\t\t\t\t\t<\/div>\n\t\t<\/div>\n\t\t\t\t\t<\/div>\n\t\t<\/section>\n\t\t\t\t<\/div>\n\t\t","protected":false},"excerpt":{"rendered":"<p>Linden &#038; Company KG Executive and Strategic Consulting Group Central Office and Postal Address Gr\u00fcnlingweg 8 70599 Stuttgart Germany &gt; Contact Details Downtown Office K\u00f6nigstra\u00dfe 27 Stuttgart Germany Contact Details Frank A. LindenStuttgartfal@easc-group.com+49 711 45 977 900 Clemens Schmitz-JustenMunich and Los Angeles (CA)csj@easc-group.com+49 172 8913 440+1 864 905 7550 Ann-Christin Behrens Stuttgart and Bad Sch\u00f6nborn [&hellip;]<\/p>\n","protected":false},"author":1,"featured_media":0,"parent":0,"menu_order":0,"comment_status":"closed","ping_status":"closed","template":"","meta":{"inline_featured_image":false,"footnotes":""},"class_list":["post-1575","page","type-page","status-publish","hentry"],"_links":{"self":[{"href":"https:\/\/www.lindencompany.com\/en\/wp-json\/wp\/v2\/pages\/1575","targetHints":{"allow":["GET"]}}],"collection":[{"href":"https:\/\/www.lindencompany.com\/en\/wp-json\/wp\/v2\/pages"}],"about":[{"href":"https:\/\/www.lindencompany.com\/en\/wp-json\/wp\/v2\/types\/page"}],"author":[{"embeddable":true,"href":"https:\/\/www.lindencompany.com\/en\/wp-json\/wp\/v2\/users\/1"}],"replies":[{"embeddable":true,"href":"https:\/\/www.lindencompany.com\/en\/wp-json\/wp\/v2\/comments?post=1575"}],"version-history":[{"count":5,"href":"https:\/\/www.lindencompany.com\/en\/wp-json\/wp\/v2\/pages\/1575\/revisions"}],"predecessor-version":[{"id":2595,"href":"https:\/\/www.lindencompany.com\/en\/wp-json\/wp\/v2\/pages\/1575\/revisions\/2595"}],"wp:attachment":[{"href":"https:\/\/www.lindencompany.com\/en\/wp-json\/wp\/v2\/media?parent=1575"}],"curies":[{"name":"wp","href":"https:\/\/api.w.org\/{rel}","templated":true}]}}